{"id":32,"date":"2025-03-03T12:00:00","date_gmt":"2025-03-03T12:00:00","guid":{"rendered":"https:\/\/fenhun.wn.uw.edu.pl\/?page_id=32"},"modified":"2026-04-04T08:06:44","modified_gmt":"2026-04-04T08:06:44","slug":"pomysl","status":"publish","type":"page","link":"https:\/\/fenhun.wn.uw.edu.pl\/index.php\/pomysl\/","title":{"rendered":"Pomys\u0142"},"content":{"rendered":"\n<p>\u201ePolska jest obecnie jakby \u0142\u0105cznikiem, cho\u0107by z przyczyn geograficznych, pomi\u0119dzy W\u0119grami z jednej, a Estoni\u0105 i Finlandi\u0105 z drugiej. W Polsce te\u017c spotykaj\u0105 si\u0119 zazwyczaj polityczni, naukowi i kulturalni przedstawiciele W\u0119gier, Finlandii i Estonii, tworz\u0105c przy przyjacielskim wsp\u00f3\u0142udziale Polak\u00f3w swego rodzaju o\u015brodek polsko-ugrofi\u0144ski\u201d \u2013 tak w 1938 roku pisa\u0142 \u00f3wczesny lektor j\u0119zyka esto\u0144skiego Uniwersytetu Warszawskiego Villem Ernits w swojej ksi\u0105\u017cce pt. \u201ePolska a Ugrofinnowie\u201d.&nbsp;<\/p>\n\n\n\n<p>Poprzez planowany cykl sympozj\u00f3w chcemy powr\u00f3ci\u0107 do Ernitsowej idei Polski jako \u0142\u0105cznika kultur i j\u0119zyk\u00f3w ugrofi\u0144skich.<\/p>\n\n\n\n<p>Cykl b\u0119dzie okazj\u0105 do wymiany wiedzy i do\u015bwiadcze\u0144 dla os\u00f3b, kt\u00f3re zajmuj\u0105 si\u0119 literackimi, kulturowymi, historycznymi lub j\u0119zykowymi zwi\u0105zkami polsko-w\u0119gierskimi, polsko-fi\u0144skimi, polsko-esto\u0144skim (etc.).&nbsp;<\/p>\n\n\n\n<p>Celem naszych naukowych spotka\u0144 jest podj\u0119cie refleksji nad relacjami polsko-ugrofi\u0144skimi w szerokim spektrum.\u00a0<\/p>\n\n\n\n<p><\/p>\n","protected":false},"excerpt":{"rendered":"<p>\u201ePolska jest obecnie jakby \u0142\u0105cznikiem, cho\u0107by z przyczyn geograficznych, pomi\u0119dzy W\u0119grami z jednej, a Estoni\u0105 i Finlandi\u0105 z drugiej. W Polsce te\u017c spotykaj\u0105 si\u0119 zazwyczaj polityczni, naukowi i kulturalni przedstawiciele W\u0119gier, Finlandii i Estonii, tworz\u0105c przy przyjacielskim wsp\u00f3\u0142udziale Polak\u00f3w swego rodzaju o\u015brodek polsko-ugrofi\u0144ski\u201d \u2013 tak w 1938 roku pisa\u0142 \u00f3wczesny [&hellip;]<\/p>\n","protected":false},"author":2,"featured_media":0,"parent":0,"menu_order":0,"comment_status":"closed","ping_status":"closed","template":"","meta":{"_themeisle_gutenberg_block_has_review":false,"footnotes":""},"class_list":["post-32","page","type-page","status-publish","hentry"],"_links":{"self":[{"href":"https:\/\/fenhun.wn.uw.edu.pl\/index.php\/wp-json\/wp\/v2\/pages\/32","targetHints":{"allow":["GET"]}}],"collection":[{"href":"https:\/\/fenhun.wn.uw.edu.pl\/index.php\/wp-json\/wp\/v2\/pages"}],"about":[{"href":"https:\/\/fenhun.wn.uw.edu.pl\/index.php\/wp-json\/wp\/v2\/types\/page"}],"author":[{"embeddable":true,"href":"https:\/\/fenhun.wn.uw.edu.pl\/index.php\/wp-json\/wp\/v2\/users\/2"}],"replies":[{"embeddable":true,"href":"https:\/\/fenhun.wn.uw.edu.pl\/index.php\/wp-json\/wp\/v2\/comments?post=32"}],"version-history":[{"count":3,"href":"https:\/\/fenhun.wn.uw.edu.pl\/index.php\/wp-json\/wp\/v2\/pages\/32\/revisions"}],"predecessor-version":[{"id":90,"href":"https:\/\/fenhun.wn.uw.edu.pl\/index.php\/wp-json\/wp\/v2\/pages\/32\/revisions\/90"}],"wp:attachment":[{"href":"https:\/\/fenhun.wn.uw.edu.pl\/index.php\/wp-json\/wp\/v2\/media?parent=32"}],"curies":[{"name":"wp","href":"https:\/\/api.w.org\/{rel}","templated":true}]}}